{"id":30364,"date":"2026-01-23T12:08:58","date_gmt":"2026-01-23T10:08:58","guid":{"rendered":"https:\/\/voltechteknoloji.com\/product\/regal-10-kg-kurutma-makinesi\/"},"modified":"2026-03-10T12:08:39","modified_gmt":"2026-03-10T10:08:39","slug":"regal-10-kg-kurutma-makinesi","status":"publish","type":"product","link":"https:\/\/voltechteknoloji.com\/en\/product\/regal-10-kg-kurutma-makinesi\/","title":{"rendered":"REGAL 10 KG KURUTMA MAK\u0130NES\u0130"},"content":{"rendered":"<div class=\"title\"><span class=\"label\">Genel \u00d6zellikler<\/span><\/div>\n<ul>\n<li><span class=\"label\">Ekran Tipi<\/span><span class=\"value\">LED Ekran<\/span><\/li>\n<li><span class=\"label\">\u00d6zellik 1<\/span><span class=\"value\">Is\u0131 Pompal\u0131<\/span><\/li>\n<li><span class=\"label\">\u00d6zellik 2<\/span><span class=\"value\">10 Kg Kurutma Kapasitesi<\/span><\/li>\n<li><span class=\"label\">\u00d6zellik 3<\/span><span class=\"value\">Gecikmeli Ba\u015flat<\/span><\/li>\n<li><span class=\"label\">\u00d6zellik 4<\/span><span class=\"value\">Narin<\/span><\/li>\n<li><span class=\"label\">\u00dcr\u00fcn Rengi<\/span><span class=\"value\">Beyaz<\/span><\/li>\n<li><span class=\"label\">\u00dcr\u00fcn Boyutlar\u0131 (cm) (YxGxD)<\/span><span class=\"value\">84,5&#215;59,6&#215;60,9<\/span><\/li>\n<li><span class=\"label\">\u00dcr\u00fcn Tipi<\/span><span class=\"value\">Kurutma Makinesi<\/span><\/li>\n<li><span class=\"label\">Kurutma Kapasitesi<\/span><span class=\"value\">10kg<\/span><\/li>\n<li><span class=\"label\">Motor Tipi<\/span><span class=\"value\">PSC<\/span><\/li>\n<li><span class=\"label\">Tambur Hacmi (l)<\/span><span class=\"value\">112<\/span><\/li>\n<li><span class=\"label\">Is\u0131 Pompal\u0131 Kurutma Sistemi<\/span><span class=\"value\">Var<\/span><\/li>\n<\/ul>\n","protected":false},"excerpt":{"rendered":"<p>Genel \u00d6zellikler Ekran TipiLED Ekran \u00d6zellik 1Is\u0131 Pompal\u0131 \u00d6zellik 210 Kg Kurutma Kapasitesi \u00d6zellik 3Gecikmeli Ba\u015flat \u00d6zellik 4Narin \u00dcr\u00fcn RengiBeyaz<\/p>\n","protected":false},"featured_media":31366,"comment_status":"open","ping_status":"closed","template":"","meta":[],"product_brand":[],"product_cat":[148],"product_tag":[],"class_list":{"0":"post-30364","1":"product","2":"type-product","3":"status-publish","4":"has-post-thumbnail","6":"product_cat-kurutma-makinesi-22","8":"first","9":"instock","10":"shipping-taxable","11":"purchasable","12":"product-type-simple"},"jetpack_sharing_enabled":true,"_links":{"self":[{"href":"https:\/\/voltechteknoloji.com\/en\/wp-json\/wp\/v2\/product\/30364","targetHints":{"allow":["GET"]}}],"collection":[{"href":"https:\/\/voltechteknoloji.com\/en\/wp-json\/wp\/v2\/product"}],"about":[{"href":"https:\/\/voltechteknoloji.com\/en\/wp-json\/wp\/v2\/types\/product"}],"replies":[{"embeddable":true,"href":"https:\/\/voltechteknoloji.com\/en\/wp-json\/wp\/v2\/comments?post=30364"}],"version-history":[{"count":4,"href":"https:\/\/voltechteknoloji.com\/en\/wp-json\/wp\/v2\/product\/30364\/revisions"}],"predecessor-version":[{"id":31510,"href":"https:\/\/voltechteknoloji.com\/en\/wp-json\/wp\/v2\/product\/30364\/revisions\/31510"}],"wp:featuredmedia":[{"embeddable":true,"href":"https:\/\/voltechteknoloji.com\/en\/wp-json\/wp\/v2\/media\/31366"}],"wp:attachment":[{"href":"https:\/\/voltechteknoloji.com\/en\/wp-json\/wp\/v2\/media?parent=30364"}],"wp:term":[{"taxonomy":"product_brand","embeddable":true,"href":"https:\/\/voltechteknoloji.com\/en\/wp-json\/wp\/v2\/product_brand?post=30364"},{"taxonomy":"product_cat","embeddable":true,"href":"https:\/\/voltechteknoloji.com\/en\/wp-json\/wp\/v2\/product_cat?post=30364"},{"taxonomy":"product_tag","embeddable":true,"href":"https:\/\/voltechteknoloji.com\/en\/wp-json\/wp\/v2\/product_tag?post=30364"}],"curies":[{"name":"wp","href":"https:\/\/api.w.org\/{rel}","templated":true}]}}